{"id":1002,"date":"2025-12-27T15:01:16","date_gmt":"2025-12-27T15:01:16","guid":{"rendered":"https:\/\/gml.xab.mybluehost.me\/website_3fbf0698\/about\/"},"modified":"2025-12-30T22:41:46","modified_gmt":"2025-12-30T22:41:46","slug":"about","status":"publish","type":"page","link":"https:\/\/dosamigosdk.com\/da\/about\/","title":{"rendered":"Om os"},"content":{"rendered":"<div data-spectra-id=\"spectra-mffdt2de-oyuq7q\"\tstyle=\"overflow: visible; --spectra-background-color: var(--ast-global-color-5);\" class=\"spectra-is-root-container alignfull spectra-overlay-color spectra-overflow spectra-background-color wp-block-spectra-container\" data-orientation=\"vertical\"\t>\n\t\n<div data-spectra-id=\"spectra-mffeg4rt-x7vu5k\" style=\"overflow: visible\" class=\"spectra-overlay-color spectra-overflow wp-block-spectra-container\" data-orientation=\"vertical\">\n\t\n<div data-spectra-id=\"spectra-mffdu83c-ri4wqh\" style=\"overflow: visible\" class=\"spectra-overlay-color spectra-overflow wp-block-spectra-container\" data-orientation=\"vertical\">\n\t\n<div data-spectra-id=\"spectra-mffdworf-50yuig\" style=\"overflow: visible\" class=\"spectra-overlay-color spectra-overflow wp-block-spectra-container\" data-orientation=\"vertical\">\n\t\n\t<h1 data-spectra-id=\"spectra-mffdz8pn-d26bhm\" class=\"wp-block-spectra-content\">\n\t\tOm os\t<\/h1>\n\n<\/div>\n\n\n<div data-spectra-id=\"spectra-fe5d2aed-a1cc-42e6-995f-1fdb5c3ab672\" style=\"overflow: visible\" class=\"spectra-overlay-color spectra-overflow wp-block-spectra-container\" data-orientation=\"vertical\">\n\t\n<div data-spectra-id=\"spectra-mffe0vfp-0ak9sh\" style=\"display: flex;justify-content: flex-start\" class=\"wp-block-spectra-separator spectra-separator-color wp-block-spectra-separator\">\n\t<div class=\"spectra-separator-line\" style=\"margin-right: auto;background-color: var(--ast-global-color-1)\"><\/div>\n<\/div>\n\n\n\t<h3 data-spectra-id=\"spectra-mffe37gg-aar1jq\" class=\"wp-block-spectra-content\">\n\t\tSkabt ved kilden. F\u00e6rdiggjort med omtanke.\t<\/h3>\n\n\n\t<p data-spectra-id=\"spectra-mffe40ce-bek83x\" class=\"wp-block-spectra-content translation-block\">Dos Amigos er den ristede udgave af Colombian Import.\nDet, der begyndte som en dedikation til at finde exceptionel kaffe ved oprindelsen, har udviklet sig til en helhedst\u00e6nkning, hvor vi selv importerer, rister og deler kaffen \u2013 med fuldt ansvar for hvert eneste led i rejsen.<\/p>\n\n<\/div>\n\n\n\n<figure data-spectra-id=\"spectra-mjr7idcx-u6jzec\" class=\"wp-block-image size-large\"><img data-recalc-dims=\"1\" loading=\"lazy\" decoding=\"async\" width=\"1024\" height=\"391\" src=\"https:\/\/i0.wp.com\/dosamigosdk.com\/website_3fbf0698\/wp-content\/uploads\/2025\/12\/1000021557-1024x391.jpg?resize=1024%2C391&#038;ssl=1\" alt=\"1000021557\" class=\"wp-image-4498\" srcset=\"https:\/\/i0.wp.com\/dosamigosdk.com\/wp-content\/uploads\/2025\/12\/1000021557.jpg?resize=1024%2C391&amp;ssl=1 1024w, https:\/\/i0.wp.com\/dosamigosdk.com\/wp-content\/uploads\/2025\/12\/1000021557.jpg?resize=300%2C115&amp;ssl=1 300w, https:\/\/i0.wp.com\/dosamigosdk.com\/wp-content\/uploads\/2025\/12\/1000021557.jpg?resize=768%2C293&amp;ssl=1 768w, https:\/\/i0.wp.com\/dosamigosdk.com\/wp-content\/uploads\/2025\/12\/1000021557.jpg?resize=1536%2C587&amp;ssl=1 1536w, https:\/\/i0.wp.com\/dosamigosdk.com\/wp-content\/uploads\/2025\/12\/1000021557.jpg?resize=600%2C229&amp;ssl=1 600w, https:\/\/i0.wp.com\/dosamigosdk.com\/wp-content\/uploads\/2025\/12\/1000021557.jpg?w=1599&amp;ssl=1 1599w\" sizes=\"auto, (max-width: 1000px) 100vw, 1000px\" \/><\/figure>\n\n<\/div>\n\n\n<div data-spectra-id=\"spectra-mffesz0i-v5hjgx\" style=\"overflow: visible\" class=\"spectra-overlay-color spectra-overflow wp-block-spectra-container\" data-orientation=\"horizontal\">\n\t\n<div data-spectra-id=\"spectra-mffeuuod-leebr4\" style=\"overflow: visible\" class=\"spectra-overlay-color spectra-overflow wp-block-spectra-container\" data-orientation=\"vertical\">\n\t\n\t<h6 data-spectra-id=\"spectra-mfff141x-zod763\" class=\"wp-block-spectra-content\">\n\t\tOur Story\t<\/h6>\n\n<\/div>\n\n\n<div data-spectra-id=\"spectra-af9bdf40-c179-49c4-8e10-1e2650acb8e0\" style=\"overflow: visible\" class=\"spectra-overlay-color spectra-overflow wp-block-spectra-container\" data-orientation=\"vertical\">\n\t\n\t<p data-spectra-id=\"spectra-mfff2v77-5kjmiq\" class=\"wp-block-spectra-content\">\n\t\tVi arbejder direkte med sm\u00e5 producenter i Colombia, som vi kender personligt, bes\u00f8ger og samarbejder med over tid. Ved at v\u00e6re til stede ved oprindelsen sikrer vi ikke kun h\u00f8j kvalitet, men ogs\u00e5 respekt for h\u00e5ndv\u00e6rket og de mennesker, der st\u00e5r bag.\t<\/p>\n\n\n\t<p data-spectra-id=\"spectra-mfff2y8q-tarpia\" class=\"wp-block-spectra-content\">\n\t\tDos Amigos er stedet, hvor disse relationer m\u00f8der vores ristning. Hver batch ristes med pr\u00e6cision og omtanke for at fremh\u00e6ve kaffens naturlige karakter \u2013 dens s\u00f8dme, balance og kompleksitet \u2013 uden at overd\u00f8ve det, oprindelsen allerede har skabt.<br>For os handler kaffe ikke om volumen eller trends, men om klarhed, tid og intention. Fra Colombias bjerge til koppen er hver beslutning truffet med fokus p\u00e5 kvalitet, transparens og langsigtet v\u00e6rdi.\t<\/p>\n\n\n\t<p data-spectra-id=\"spectra-mfff31i1-zshcgs\" class=\"wp-block-spectra-content\">\n\t\tDos Amigos er kaffe med tydelig oprindelse \u2013 f\u00e6rdiggjort med intention.\t<\/p>\n\n\n\n<div data-spectra-id=\"spectra-mfff81zg-q51p6c\" class=\"wp-block-spectra-icons\">\n\t\n<div data-spectra-id=\"spectra-mjr7h3rd-5j5ku2\" class=\"wp-block-spectra-icon\">\n\t\t\t\t\t\t<svg class=\"spectra-icon\" xmlns=\"https:\/\/www.w3.org\/2000\/svg\" viewbox=\"0 0 576 512\" focusable=\"false\" style=\"fill: currentColor\" aria-hidden=\"true\"><path d=\"M381.2 150.3L524.9 171.5C536.8 173.2 546.8 181.6 550.6 193.1C554.4 204.7 551.3 217.3 542.7 225.9L438.5 328.1L463.1 474.7C465.1 486.7 460.2 498.9 450.2 506C440.3 513.1 427.2 514 416.5 508.3L288.1 439.8L159.8 508.3C149 514 135.9 513.1 126 506C116.1 498.9 111.1 486.7 113.2 474.7L137.8 328.1L33.58 225.9C24.97 217.3 21.91 204.7 25.69 193.1C29.46 181.6 39.43 173.2 51.42 171.5L195 150.3L259.4 17.97C264.7 6.954 275.9-.0391 288.1-.0391C300.4-.0391 311.6 6.954 316.9 17.97L381.2 150.3z\"><\/path><\/svg>\n\t\t\t\t<\/div>\n\n<\/div>\n\n\n\t<p data-spectra-id=\"spectra-mfff92e9-49h7k4\" style=\"--spectra-text-color: ast-global-color-3\" class=\"has-text-color has-link-color spectra-text-color wp-elements-2ab07e94e8d28b2ee149a83104ed5ee9 wp-block-spectra-content has-text-color has-ast-global-color-3-color\">\n\t\tDos Amigos, one vision, and coffee done the right way.\t<\/p>\n\n\n<div data-spectra-id=\"spectra-mfffaiet-hn74f7\" style=\"overflow: visible\" class=\"spectra-overlay-color spectra-overflow wp-block-spectra-container\" data-orientation=\"horizontal\">\n\t\n\n<figure data-spectra-id=\"spectra-mjr7sezz-4yakfm\" class=\"wp-block-image size-large\"><img data-recalc-dims=\"1\" loading=\"lazy\" decoding=\"async\" width=\"1024\" height=\"392\" src=\"https:\/\/i0.wp.com\/dosamigosdk.com\/website_3fbf0698\/wp-content\/uploads\/2025\/12\/IMG-20251227-WA0028-1024x392.webp?resize=1024%2C392&#038;ssl=1\" alt=\"img 20251227 wa0028.webp\" class=\"wp-image-4501\" srcset=\"https:\/\/i0.wp.com\/dosamigosdk.com\/wp-content\/uploads\/2025\/12\/IMG-20251227-WA0028.webp?resize=1024%2C392&amp;ssl=1 1024w, https:\/\/i0.wp.com\/dosamigosdk.com\/wp-content\/uploads\/2025\/12\/IMG-20251227-WA0028.webp?resize=300%2C115&amp;ssl=1 300w, https:\/\/i0.wp.com\/dosamigosdk.com\/wp-content\/uploads\/2025\/12\/IMG-20251227-WA0028.webp?resize=768%2C294&amp;ssl=1 768w, https:\/\/i0.wp.com\/dosamigosdk.com\/wp-content\/uploads\/2025\/12\/IMG-20251227-WA0028.webp?resize=1536%2C588&amp;ssl=1 1536w, https:\/\/i0.wp.com\/dosamigosdk.com\/wp-content\/uploads\/2025\/12\/IMG-20251227-WA0028.webp?resize=600%2C230&amp;ssl=1 600w, https:\/\/i0.wp.com\/dosamigosdk.com\/wp-content\/uploads\/2025\/12\/IMG-20251227-WA0028.webp?w=1600&amp;ssl=1 1600w\" sizes=\"auto, (max-width: 1000px) 100vw, 1000px\" \/><\/figure>\n\n<\/div>\n\n<\/div>\n\n<\/div>\n\n<\/div>\n\n<\/div>\n\n\n\n<p class=\"\"><\/p>","protected":false},"excerpt":{"rendered":"","protected":false},"author":1,"featured_media":0,"parent":0,"menu_order":0,"comment_status":"closed","ping_status":"closed","template":"","meta":{"nf_dc_page":"","om_disable_all_campaigns":false,"_uag_custom_page_level_css":"","WB4WB4WP_MODE":"","WB4WP_PAGE_SCRIPTS":"","WB4WP_PAGE_STYLES":"","WB4WP_PAGE_FONTS":"","WB4WP_PAGE_HEADER":"","WB4WP_PAGE_FOOTER":"","_monsterinsights_skip_tracking":false,"_monsterinsights_sitenote_active":false,"_monsterinsights_sitenote_note":"","_monsterinsights_sitenote_category":0,"site-sidebar-layout":"no-sidebar","site-content-layout":"plain-container","ast-site-content-layout":"normal-width-container","site-content-style":"unboxed","site-sidebar-style":"unboxed","ast-global-header-display":"","ast-banner-title-visibility":"","ast-main-header-display":"","ast-hfb-above-header-display":"","ast-hfb-below-header-display":"","ast-hfb-mobile-header-display":"","site-post-title":"disabled","ast-breadcrumbs-content":"","ast-featured-img":"disabled","footer-sml-layout":"","ast-disable-related-posts":"","theme-transparent-header-meta":"disabled","adv-header-id-meta":"","stick-header-meta":"","header-above-stick-meta":"","header-main-stick-meta":"","header-below-stick-meta":"","astra-migrate-meta-layouts":"set","ast-page-background-enabled":"default","ast-page-background-meta":{"desktop":{"background-color":"var(--ast-global-color-4)","background-image":"","background-repeat":"repeat","background-position":"center center","background-size":"auto","background-attachment":"scroll","background-type":"","background-media":"","overlay-type":"","overlay-color":"","overlay-opacity":"","overlay-gradient":""},"tablet":{"background-color":"","background-image":"","background-repeat":"repeat","background-position":"center center","background-size":"auto","background-attachment":"scroll","background-type":"","background-media":"","overlay-type":"","overlay-color":"","overlay-opacity":"","overlay-gradient":""},"mobile":{"background-color":"","background-image":"","background-repeat":"repeat","background-position":"center center","background-size":"auto","background-attachment":"scroll","background-type":"","background-media":"","overlay-type":"","overlay-color":"","overlay-opacity":"","overlay-gradient":""}},"ast-content-background-meta":{"desktop":{"background-color":"var(--ast-global-color-5)","background-image":"","background-repeat":"repeat","background-position":"center center","background-size":"auto","background-attachment":"scroll","background-type":"","background-media":"","overlay-type":"","overlay-color":"","overlay-opacity":"","overlay-gradient":""},"tablet":{"background-color":"var(--ast-global-color-5)","background-image":"","background-repeat":"repeat","background-position":"center center","background-size":"auto","background-attachment":"scroll","background-type":"","background-media":"","overlay-type":"","overlay-color":"","overlay-opacity":"","overlay-gradient":""},"mobile":{"background-color":"var(--ast-global-color-5)","background-image":"","background-repeat":"repeat","background-position":"center center","background-size":"auto","background-attachment":"scroll","background-type":"","background-media":"","overlay-type":"","overlay-color":"","overlay-opacity":"","overlay-gradient":""}},"footnotes":""},"class_list":["post-1002","page","type-page","status-publish","hentry"],"yoast_head":"<!-- This site is optimized with the Yoast SEO plugin v27.5 - https:\/\/yoast.com\/product\/yoast-seo-wordpress\/ -->\n<title>About - Dos Amigos Dk<\/title>\n<meta name=\"robots\" content=\"index, follow, max-snippet:-1, max-image-preview:large, max-video-preview:-1\" \/>\n<link rel=\"canonical\" href=\"http:\/\/dosamigosdk.com\/da\/about\/\" \/>\n<meta property=\"og:locale\" content=\"da_DK\" \/>\n<meta property=\"og:type\" content=\"article\" \/>\n<meta property=\"og:title\" content=\"About - Dos Amigos Dk\" \/>\n<meta property=\"og:url\" content=\"http:\/\/dosamigosdk.com\/da\/about\/\" \/>\n<meta property=\"og:site_name\" content=\"Dos Amigos Dk\" \/>\n<meta property=\"article:modified_time\" content=\"2025-12-30T22:41:46+00:00\" \/>\n<meta property=\"og:image\" content=\"https:\/\/dosamigosdk.com\/website_3fbf0698\/wp-content\/uploads\/2025\/12\/1000021557-1024x391.jpg\" \/>\n<meta name=\"twitter:card\" content=\"summary_large_image\" \/>\n<meta name=\"twitter:label1\" content=\"Estimeret l\u00e6setid\" \/>\n\t<meta name=\"twitter:data1\" content=\"1 minut\" \/>\n<script type=\"application\/ld+json\" class=\"yoast-schema-graph\">{\"@context\":\"https:\\\/\\\/schema.org\",\"@graph\":[{\"@type\":\"WebPage\",\"@id\":\"http:\\\/\\\/dosamigosdk.com\\\/en\\\/about\\\/\",\"url\":\"http:\\\/\\\/dosamigosdk.com\\\/en\\\/about\\\/\",\"name\":\"About - Dos Amigos Dk\",\"isPartOf\":{\"@id\":\"https:\\\/\\\/dosamigosdk.com\\\/en\\\/#website\"},\"primaryImageOfPage\":{\"@id\":\"http:\\\/\\\/dosamigosdk.com\\\/en\\\/about\\\/#primaryimage\"},\"image\":{\"@id\":\"http:\\\/\\\/dosamigosdk.com\\\/en\\\/about\\\/#primaryimage\"},\"thumbnailUrl\":\"https:\\\/\\\/dosamigosdk.com\\\/website_3fbf0698\\\/wp-content\\\/uploads\\\/2025\\\/12\\\/1000021557-1024x391.jpg\",\"datePublished\":\"2025-12-27T15:01:16+00:00\",\"dateModified\":\"2025-12-30T22:41:46+00:00\",\"breadcrumb\":{\"@id\":\"http:\\\/\\\/dosamigosdk.com\\\/en\\\/about\\\/#breadcrumb\"},\"inLanguage\":\"da-DK\",\"potentialAction\":[{\"@type\":\"ReadAction\",\"target\":[\"http:\\\/\\\/dosamigosdk.com\\\/en\\\/about\\\/\"]}]},{\"@type\":\"ImageObject\",\"inLanguage\":\"da-DK\",\"@id\":\"http:\\\/\\\/dosamigosdk.com\\\/en\\\/about\\\/#primaryimage\",\"url\":\"https:\\\/\\\/dosamigosdk.com\\\/website_3fbf0698\\\/wp-content\\\/uploads\\\/2025\\\/12\\\/1000021557-1024x391.jpg\",\"contentUrl\":\"https:\\\/\\\/dosamigosdk.com\\\/website_3fbf0698\\\/wp-content\\\/uploads\\\/2025\\\/12\\\/1000021557-1024x391.jpg\"},{\"@type\":\"BreadcrumbList\",\"@id\":\"http:\\\/\\\/dosamigosdk.com\\\/en\\\/about\\\/#breadcrumb\",\"itemListElement\":[{\"@type\":\"ListItem\",\"position\":1,\"name\":\"Home\",\"item\":\"https:\\\/\\\/dosamigosdk.com\\\/\"},{\"@type\":\"ListItem\",\"position\":2,\"name\":\"About\"}]},{\"@type\":\"WebSite\",\"@id\":\"https:\\\/\\\/dosamigosdk.com\\\/en\\\/#website\",\"url\":\"https:\\\/\\\/dosamigosdk.com\\\/en\\\/\",\"name\":\"Dos Amigos Dk\",\"description\":\"Discover the essence of quality with our carefully curated selection of premium roasted coffee, designed for true coffee enthusiasts.\",\"publisher\":{\"@id\":\"https:\\\/\\\/dosamigosdk.com\\\/en\\\/#organization\"},\"potentialAction\":[{\"@type\":\"SearchAction\",\"target\":{\"@type\":\"EntryPoint\",\"urlTemplate\":\"https:\\\/\\\/dosamigosdk.com\\\/en\\\/?s={search_term_string}\"},\"query-input\":{\"@type\":\"PropertyValueSpecification\",\"valueRequired\":true,\"valueName\":\"search_term_string\"}}],\"inLanguage\":\"da-DK\"},{\"@type\":\"Organization\",\"@id\":\"https:\\\/\\\/dosamigosdk.com\\\/en\\\/#organization\",\"name\":\"Dos Amigos Dk\",\"url\":\"https:\\\/\\\/dosamigosdk.com\\\/en\\\/\",\"logo\":{\"@type\":\"ImageObject\",\"inLanguage\":\"da-DK\",\"@id\":\"https:\\\/\\\/dosamigosdk.com\\\/en\\\/#\\\/schema\\\/logo\\\/image\\\/\",\"url\":\"https:\\\/\\\/i0.wp.com\\\/dosamigosdk.com\\\/wp-content\\\/uploads\\\/2025\\\/12\\\/Photoroom-20250518_132559.png?fit=1600%2C1138&ssl=1\",\"contentUrl\":\"https:\\\/\\\/i0.wp.com\\\/dosamigosdk.com\\\/wp-content\\\/uploads\\\/2025\\\/12\\\/Photoroom-20250518_132559.png?fit=1600%2C1138&ssl=1\",\"width\":1600,\"height\":1138,\"caption\":\"Dos Amigos Dk\"},\"image\":{\"@id\":\"https:\\\/\\\/dosamigosdk.com\\\/en\\\/#\\\/schema\\\/logo\\\/image\\\/\"}}]}<\/script>\n<!-- \/ Yoast SEO plugin. -->","yoast_head_json":{"title":"About - Dos Amigos Dk","robots":{"index":"index","follow":"follow","max-snippet":"max-snippet:-1","max-image-preview":"max-image-preview:large","max-video-preview":"max-video-preview:-1"},"canonical":"http:\/\/dosamigosdk.com\/da\/about\/","og_locale":"da_DK","og_type":"article","og_title":"About - Dos Amigos Dk","og_url":"http:\/\/dosamigosdk.com\/da\/about\/","og_site_name":"Dos Amigos Dk","article_modified_time":"2025-12-30T22:41:46+00:00","og_image":[{"url":"https:\/\/dosamigosdk.com\/website_3fbf0698\/wp-content\/uploads\/2025\/12\/1000021557-1024x391.jpg","type":"","width":"","height":""}],"twitter_card":"summary_large_image","twitter_misc":{"Estimeret l\u00e6setid":"1 minut"},"schema":{"@context":"https:\/\/schema.org","@graph":[{"@type":"WebPage","@id":"http:\/\/dosamigosdk.com\/en\/about\/","url":"http:\/\/dosamigosdk.com\/en\/about\/","name":"About - Dos Amigos Dk","isPartOf":{"@id":"https:\/\/dosamigosdk.com\/en\/#website"},"primaryImageOfPage":{"@id":"http:\/\/dosamigosdk.com\/en\/about\/#primaryimage"},"image":{"@id":"http:\/\/dosamigosdk.com\/en\/about\/#primaryimage"},"thumbnailUrl":"https:\/\/dosamigosdk.com\/website_3fbf0698\/wp-content\/uploads\/2025\/12\/1000021557-1024x391.jpg","datePublished":"2025-12-27T15:01:16+00:00","dateModified":"2025-12-30T22:41:46+00:00","breadcrumb":{"@id":"http:\/\/dosamigosdk.com\/en\/about\/#breadcrumb"},"inLanguage":"da-DK","potentialAction":[{"@type":"ReadAction","target":["http:\/\/dosamigosdk.com\/en\/about\/"]}]},{"@type":"ImageObject","inLanguage":"da-DK","@id":"http:\/\/dosamigosdk.com\/en\/about\/#primaryimage","url":"https:\/\/dosamigosdk.com\/website_3fbf0698\/wp-content\/uploads\/2025\/12\/1000021557-1024x391.jpg","contentUrl":"https:\/\/dosamigosdk.com\/website_3fbf0698\/wp-content\/uploads\/2025\/12\/1000021557-1024x391.jpg"},{"@type":"BreadcrumbList","@id":"http:\/\/dosamigosdk.com\/en\/about\/#breadcrumb","itemListElement":[{"@type":"ListItem","position":1,"name":"Home","item":"https:\/\/dosamigosdk.com\/"},{"@type":"ListItem","position":2,"name":"About"}]},{"@type":"WebSite","@id":"https:\/\/dosamigosdk.com\/en\/#website","url":"https:\/\/dosamigosdk.com\/en\/","name":"Dos Amigos Dk","description":"Discover the essence of quality with our carefully curated selection of premium roasted coffee, designed for true coffee enthusiasts.","publisher":{"@id":"https:\/\/dosamigosdk.com\/en\/#organization"},"potentialAction":[{"@type":"SearchAction","target":{"@type":"EntryPoint","urlTemplate":"https:\/\/dosamigosdk.com\/en\/?s={search_term_string}"},"query-input":{"@type":"PropertyValueSpecification","valueRequired":true,"valueName":"search_term_string"}}],"inLanguage":"da-DK"},{"@type":"Organization","@id":"https:\/\/dosamigosdk.com\/en\/#organization","name":"Dos Amigos Dk","url":"https:\/\/dosamigosdk.com\/en\/","logo":{"@type":"ImageObject","inLanguage":"da-DK","@id":"https:\/\/dosamigosdk.com\/en\/#\/schema\/logo\/image\/","url":"https:\/\/i0.wp.com\/dosamigosdk.com\/wp-content\/uploads\/2025\/12\/Photoroom-20250518_132559.png?fit=1600%2C1138&ssl=1","contentUrl":"https:\/\/i0.wp.com\/dosamigosdk.com\/wp-content\/uploads\/2025\/12\/Photoroom-20250518_132559.png?fit=1600%2C1138&ssl=1","width":1600,"height":1138,"caption":"Dos Amigos Dk"},"image":{"@id":"https:\/\/dosamigosdk.com\/en\/#\/schema\/logo\/image\/"}}]}},"uagb_featured_image_src":{"full":false,"thumbnail":false,"medium":false,"medium_large":false,"large":false,"1536x1536":false,"2048x2048":false,"trp-custom-language-flag":false,"woocommerce_thumbnail":false,"woocommerce_single":false,"woocommerce_gallery_thumbnail":false},"uagb_author_info":{"display_name":"LUISGUILLERMOFOTOGRAFIA","author_link":"https:\/\/dosamigosdk.com\/da\/author\/luisguillermofotografia\/"},"uagb_comment_info":0,"uagb_excerpt":null,"jetpack_sharing_enabled":true,"_links":{"self":[{"href":"https:\/\/dosamigosdk.com\/da\/wp-json\/wp\/v2\/pages\/1002","targetHints":{"allow":["GET"]}}],"collection":[{"href":"https:\/\/dosamigosdk.com\/da\/wp-json\/wp\/v2\/pages"}],"about":[{"href":"https:\/\/dosamigosdk.com\/da\/wp-json\/wp\/v2\/types\/page"}],"author":[{"embeddable":true,"href":"https:\/\/dosamigosdk.com\/da\/wp-json\/wp\/v2\/users\/1"}],"replies":[{"embeddable":true,"href":"https:\/\/dosamigosdk.com\/da\/wp-json\/wp\/v2\/comments?post=1002"}],"version-history":[{"count":7,"href":"https:\/\/dosamigosdk.com\/da\/wp-json\/wp\/v2\/pages\/1002\/revisions"}],"predecessor-version":[{"id":4629,"href":"https:\/\/dosamigosdk.com\/da\/wp-json\/wp\/v2\/pages\/1002\/revisions\/4629"}],"wp:attachment":[{"href":"https:\/\/dosamigosdk.com\/da\/wp-json\/wp\/v2\/media?parent=1002"}],"curies":[{"name":"wp","href":"https:\/\/api.w.org\/{rel}","templated":true}]}}