{"id":4742,"date":"2026-03-05T17:18:56","date_gmt":"2026-03-05T17:18:56","guid":{"rendered":"https:\/\/dosamigosdk.com\/?page_id=4742"},"modified":"2026-03-05T17:29:36","modified_gmt":"2026-03-05T17:29:36","slug":"meet-your-farmer","status":"publish","type":"page","link":"https:\/\/dosamigosdk.com\/da\/meet-your-farmer\/","title":{"rendered":"Meet Your Farmer"},"content":{"rendered":"<h4 class=\"wp-block-heading\">Menneskene bag din kop har navne, g\u00e5rde og familier.<br>Her begynder din kaffe<\/h4>\n\n\n\n<div class=\"nfd-container nfd-p-lg  nfd-wb-media-embeds__embed-9 is-style-nfd-theme-white wp-block-group is-layout-constrained wp-block-group-is-layout-constrained\" style=\"border-top-width:1px;border-bottom-width:1px\">\n<div style=\"height:24px\" aria-hidden=\"true\" class=\"wp-block-spacer\"><\/div>\n\n\n\n<div class=\"wp-block-columns is-layout-flex wp-container-core-columns-is-layout-28f84493 wp-block-columns-is-layout-flex\">\n<div style=\"--spectra-z-index: 482;\" class=\"wp-block-column has-z-index is-layout-flow wp-block-column-is-layout-flow\">\n<figure class=\"wp-embed-aspect-16-9 wp-has-aspect-ratio wp-block-embed is-type-video is-provider-youtube wp-block-embed-youtube\"><div class=\"wp-block-embed__wrapper\">\n<iframe title=\"Sebastian From Valparaiso.\" width=\"500\" height=\"281\" src=\"https:\/\/www.youtube.com\/embed\/tbhyow46DaU?feature=oembed\" frameborder=\"0\" allow=\"accelerometer; autoplay; clipboard-write; encrypted-media; gyroscope; picture-in-picture; web-share\" referrerpolicy=\"strict-origin-when-cross-origin\" allowfullscreen><\/iframe>\n<\/div><\/figure>\n\n\n\n<h5 class=\"wp-block-heading\">Sebastian Ramirez Valpara\u00edso, Antioquia.<\/h5>\n\n\n\n<p class=\"\">Sebastian har dyrket kaffe i bjergene i Antioquia i over to \u00e5rtier. Hans g\u00e5rd ligger 1.700 meter over havets overflade, hvor h\u00f8jden, den vulkanske jord og skyd\u00e6kket skaber forhold, som kun f\u00e5 steder i verden kan matche.\nVi bes\u00f8gte personligt Sebastians g\u00e5rd. Vi s\u00e5, hvordan han arbejder, og m\u00f8dte hans familie.\nN\u00e5r du drikker Dos Amigos-kaffe, er dette en af de personer, der har dyrket den.<\/p>\n<\/div>\n\n\n\n<div class=\"wp-block-column is-layout-flow wp-block-column-is-layout-flow\">\n<figure class=\"wp-embed-aspect-4-3 wp-has-aspect-ratio wp-block-embed is-type-video is-provider-youtube wp-block-embed-youtube\"><div class=\"wp-block-embed__wrapper\">\n<iframe title=\"Region Cartama, Production plant.\" width=\"500\" height=\"375\" src=\"https:\/\/www.youtube.com\/embed\/FU73MG84YZE?feature=oembed\" frameborder=\"0\" allow=\"accelerometer; autoplay; clipboard-write; encrypted-media; gyroscope; picture-in-picture; web-share\" referrerpolicy=\"strict-origin-when-cross-origin\" allowfullscreen><\/iframe>\n<\/div><\/figure>\n\n\n\n<h5 class=\"wp-block-heading\">Region Cartama, T\u00e1mesis. Produktionsanl\u00e6g, Mantagro.<\/h5>\n\n\n\n<p class=\"\">Sebastian viser os rundt i Mantagro forarbejdningsanl\u00e6g, hvor den t\u00f8rrede kaffe g\u00f8res klar til eksport. Det, der sker her, former direkte det, der ender i din kop.\nPr\u00e6cision i hvert eneste trin.<\/p>\n<\/div>\n\n\n\n<div class=\"wp-block-column is-layout-flow wp-block-column-is-layout-flow\">\n<figure data-spectra-id=\"spectra-mm85mwiq-p2ysr0\" class=\"wp-block-image size-full\"><img loading=\"lazy\" decoding=\"async\" width=\"640\" height=\"480\" src=\"https:\/\/i0.wp.com\/dosamigosdk.com\/wp-content\/uploads\/2026\/03\/1000023716.jpg?fit=640%2C480&amp;ssl=1\" alt=\"1000023716\" class=\"wp-image-4747\" srcset=\"https:\/\/i0.wp.com\/dosamigosdk.com\/wp-content\/uploads\/2026\/03\/1000023716.jpg?w=640&amp;ssl=1 640w, https:\/\/i0.wp.com\/dosamigosdk.com\/wp-content\/uploads\/2026\/03\/1000023716.jpg?resize=300%2C225&amp;ssl=1 300w, https:\/\/i0.wp.com\/dosamigosdk.com\/wp-content\/uploads\/2026\/03\/1000023716.jpg?resize=16%2C12&amp;ssl=1 16w, https:\/\/i0.wp.com\/dosamigosdk.com\/wp-content\/uploads\/2026\/03\/1000023716.jpg?resize=600%2C450&amp;ssl=1 600w\" sizes=\"auto, (max-width: 640px) 100vw, 640px\" \/><\/figure>\n\n\n\n<h5 class=\"wp-block-heading\">Ana Maria og Julian fra Mantagro sammen med deres familie og Sebastian. <\/h5>\n\n\n\n<p class=\"\">Sebastian og Ana Maria sammen med deres familie i T\u00e1mesis. Bag hver h\u00f8st er der en husstand, en hverdag og et liv bygget op omkring dette land.<\/p>\n<\/div>\n\n\n\n<div class=\"wp-block-column is-layout-flow wp-block-column-is-layout-flow\">\n<figure class=\"wp-embed-aspect-9-16 wp-has-aspect-ratio wp-block-embed is-type-video is-provider-youtube wp-block-embed-youtube\"><div class=\"wp-block-embed__wrapper\">\nhttps:\/\/youtube.com\/shorts\/kdVFLCuYQ38\n<\/div><\/figure>\n\n\n\n<h5 class=\"wp-block-heading\">Typisk udsigt.<\/h5>\n\n\n\n<p class=\"\">Den colombianske kaffefarm, som den faktisk ser ud. T\u00e5ge over bjergene, kaffetr\u00e6er p\u00e5 r\u00e6kke og stilheden fra h\u00f8jderne.<\/p>\n<\/div>\n<\/div>\n<\/div>\n\n\n\n<p style=\"--spectra-z-index: 1000;\" class=\"has-z-index\"><\/p>\n\n\n\n<p class=\"\"><\/p>","protected":false},"excerpt":{"rendered":"<p>The people behind your cup have names, farms, and families.This is where your coffee begins. Sebastian Ramirez Valpara\u00edso, Antioquia. Sebastian has farmed coffee in the mountains of Antioquia for over two decades. His farm sits at 1,700 metres above sea level, where the altitude, the volcanic soil, and the cloud cover create conditions that few [&hellip;]<\/p>\n","protected":false},"author":1,"featured_media":0,"parent":0,"menu_order":0,"comment_status":"closed","ping_status":"closed","template":"","meta":{"nf_dc_page":"","om_disable_all_campaigns":false,"_uag_custom_page_level_css":"","WB4WB4WP_MODE":"","WB4WP_PAGE_SCRIPTS":"","WB4WP_PAGE_STYLES":"","WB4WP_PAGE_FONTS":"","WB4WP_PAGE_HEADER":"","WB4WP_PAGE_FOOTER":"","_monsterinsights_skip_tracking":false,"_monsterinsights_sitenote_active":false,"_monsterinsights_sitenote_note":"","_monsterinsights_sitenote_category":0,"site-sidebar-layout":"default","site-content-layout":"","ast-site-content-layout":"default","site-content-style":"default","site-sidebar-style":"default","ast-global-header-display":"","ast-banner-title-visibility":"","ast-main-header-display":"","ast-hfb-above-header-display":"","ast-hfb-below-header-display":"","ast-hfb-mobile-header-display":"","site-post-title":"","ast-breadcrumbs-content":"","ast-featured-img":"","footer-sml-layout":"","ast-disable-related-posts":"","theme-transparent-header-meta":"","adv-header-id-meta":"","stick-header-meta":"","header-above-stick-meta":"","header-main-stick-meta":"","header-below-stick-meta":"","astra-migrate-meta-layouts":"set","ast-page-background-enabled":"default","ast-page-background-meta":{"desktop":{"background-color":"var(--ast-global-color-4)","background-image":"","background-repeat":"repeat","background-position":"center center","background-size":"auto","background-attachment":"scroll","background-type":"","background-media":"","overlay-type":"","overlay-color":"","overlay-opacity":"","overlay-gradient":""},"tablet":{"background-color":"","background-image":"","background-repeat":"repeat","background-position":"center center","background-size":"auto","background-attachment":"scroll","background-type":"","background-media":"","overlay-type":"","overlay-color":"","overlay-opacity":"","overlay-gradient":""},"mobile":{"background-color":"","background-image":"","background-repeat":"repeat","background-position":"center center","background-size":"auto","background-attachment":"scroll","background-type":"","background-media":"","overlay-type":"","overlay-color":"","overlay-opacity":"","overlay-gradient":""}},"ast-content-background-meta":{"desktop":{"background-color":"var(--ast-global-color-5)","background-image":"","background-repeat":"repeat","background-position":"center center","background-size":"auto","background-attachment":"scroll","background-type":"","background-media":"","overlay-type":"","overlay-color":"","overlay-opacity":"","overlay-gradient":""},"tablet":{"background-color":"var(--ast-global-color-5)","background-image":"","background-repeat":"repeat","background-position":"center center","background-size":"auto","background-attachment":"scroll","background-type":"","background-media":"","overlay-type":"","overlay-color":"","overlay-opacity":"","overlay-gradient":""},"mobile":{"background-color":"var(--ast-global-color-5)","background-image":"","background-repeat":"repeat","background-position":"center center","background-size":"auto","background-attachment":"scroll","background-type":"","background-media":"","overlay-type":"","overlay-color":"","overlay-opacity":"","overlay-gradient":""}},"footnotes":""},"class_list":["post-4742","page","type-page","status-publish","hentry"],"yoast_head":"<!-- This site is optimized with the Yoast SEO plugin v27.5 - https:\/\/yoast.com\/product\/yoast-seo-wordpress\/ -->\n<title>Meet Your Farmer - Dos Amigos Dk<\/title>\n<meta name=\"robots\" content=\"index, follow, max-snippet:-1, max-image-preview:large, max-video-preview:-1\" \/>\n<link rel=\"canonical\" href=\"https:\/\/dosamigosdk.com\/da\/meet-your-farmer\/\" \/>\n<meta property=\"og:locale\" content=\"da_DK\" \/>\n<meta property=\"og:type\" content=\"article\" \/>\n<meta property=\"og:title\" content=\"Meet Your Farmer - Dos Amigos Dk\" \/>\n<meta property=\"og:description\" content=\"The people behind your cup have names, farms, and families.This is where your coffee begins. Sebastian Ramirez Valpara\u00edso, Antioquia. Sebastian has farmed coffee in the mountains of Antioquia for over two decades. His farm sits at 1,700 metres above sea level, where the altitude, the volcanic soil, and the cloud cover create conditions that few [&hellip;]\" \/>\n<meta property=\"og:url\" content=\"https:\/\/dosamigosdk.com\/da\/meet-your-farmer\/\" \/>\n<meta property=\"og:site_name\" content=\"Dos Amigos Dk\" \/>\n<meta property=\"article:modified_time\" content=\"2026-03-05T17:29:36+00:00\" \/>\n<meta property=\"og:image\" content=\"https:\/\/i0.wp.com\/dosamigosdk.com\/wp-content\/uploads\/2026\/03\/1000023716.jpg?fit=640%2C480&ssl=1\" \/>\n\t<meta property=\"og:image:width\" content=\"640\" \/>\n\t<meta property=\"og:image:height\" content=\"480\" \/>\n\t<meta property=\"og:image:type\" content=\"image\/jpeg\" \/>\n<meta name=\"twitter:card\" content=\"summary_large_image\" \/>\n<meta name=\"twitter:label1\" content=\"Estimeret l\u00e6setid\" \/>\n\t<meta name=\"twitter:data1\" content=\"2 minutter\" \/>\n<script type=\"application\/ld+json\" class=\"yoast-schema-graph\">{\"@context\":\"https:\\\/\\\/schema.org\",\"@graph\":[{\"@type\":\"WebPage\",\"@id\":\"https:\\\/\\\/dosamigosdk.com\\\/meet-your-farmer\\\/\",\"url\":\"https:\\\/\\\/dosamigosdk.com\\\/meet-your-farmer\\\/\",\"name\":\"Meet Your Farmer - Dos Amigos Dk\",\"isPartOf\":{\"@id\":\"https:\\\/\\\/dosamigosdk.com\\\/en\\\/#website\"},\"primaryImageOfPage\":{\"@id\":\"https:\\\/\\\/dosamigosdk.com\\\/meet-your-farmer\\\/#primaryimage\"},\"image\":{\"@id\":\"https:\\\/\\\/dosamigosdk.com\\\/meet-your-farmer\\\/#primaryimage\"},\"thumbnailUrl\":\"https:\\\/\\\/i0.wp.com\\\/dosamigosdk.com\\\/wp-content\\\/uploads\\\/2026\\\/03\\\/1000023716.jpg?fit=640%2C480&amp;ssl=1\",\"datePublished\":\"2026-03-05T17:18:56+00:00\",\"dateModified\":\"2026-03-05T17:29:36+00:00\",\"breadcrumb\":{\"@id\":\"https:\\\/\\\/dosamigosdk.com\\\/meet-your-farmer\\\/#breadcrumb\"},\"inLanguage\":\"da-DK\",\"potentialAction\":[{\"@type\":\"ReadAction\",\"target\":[\"https:\\\/\\\/dosamigosdk.com\\\/meet-your-farmer\\\/\"]}]},{\"@type\":\"ImageObject\",\"inLanguage\":\"da-DK\",\"@id\":\"https:\\\/\\\/dosamigosdk.com\\\/meet-your-farmer\\\/#primaryimage\",\"url\":\"https:\\\/\\\/i0.wp.com\\\/dosamigosdk.com\\\/wp-content\\\/uploads\\\/2026\\\/03\\\/1000023716.jpg?fit=640%2C480&amp;ssl=1\",\"contentUrl\":\"https:\\\/\\\/i0.wp.com\\\/dosamigosdk.com\\\/wp-content\\\/uploads\\\/2026\\\/03\\\/1000023716.jpg?fit=640%2C480&amp;ssl=1\"},{\"@type\":\"BreadcrumbList\",\"@id\":\"https:\\\/\\\/dosamigosdk.com\\\/meet-your-farmer\\\/#breadcrumb\",\"itemListElement\":[{\"@type\":\"ListItem\",\"position\":1,\"name\":\"Home\",\"item\":\"https:\\\/\\\/dosamigosdk.com\\\/\"},{\"@type\":\"ListItem\",\"position\":2,\"name\":\"Meet Your Farmer\"}]},{\"@type\":\"WebSite\",\"@id\":\"https:\\\/\\\/dosamigosdk.com\\\/en\\\/#website\",\"url\":\"https:\\\/\\\/dosamigosdk.com\\\/en\\\/\",\"name\":\"Dos Amigos Dk\",\"description\":\"Discover the essence of quality with our carefully curated selection of premium roasted coffee, designed for true coffee enthusiasts.\",\"publisher\":{\"@id\":\"https:\\\/\\\/dosamigosdk.com\\\/en\\\/#organization\"},\"potentialAction\":[{\"@type\":\"SearchAction\",\"target\":{\"@type\":\"EntryPoint\",\"urlTemplate\":\"https:\\\/\\\/dosamigosdk.com\\\/en\\\/?s={search_term_string}\"},\"query-input\":{\"@type\":\"PropertyValueSpecification\",\"valueRequired\":true,\"valueName\":\"search_term_string\"}}],\"inLanguage\":\"da-DK\"},{\"@type\":\"Organization\",\"@id\":\"https:\\\/\\\/dosamigosdk.com\\\/en\\\/#organization\",\"name\":\"Dos Amigos Dk\",\"url\":\"https:\\\/\\\/dosamigosdk.com\\\/en\\\/\",\"logo\":{\"@type\":\"ImageObject\",\"inLanguage\":\"da-DK\",\"@id\":\"https:\\\/\\\/dosamigosdk.com\\\/en\\\/#\\\/schema\\\/logo\\\/image\\\/\",\"url\":\"https:\\\/\\\/i0.wp.com\\\/dosamigosdk.com\\\/wp-content\\\/uploads\\\/2025\\\/12\\\/Photoroom-20250518_132559.png?fit=1600%2C1138&ssl=1\",\"contentUrl\":\"https:\\\/\\\/i0.wp.com\\\/dosamigosdk.com\\\/wp-content\\\/uploads\\\/2025\\\/12\\\/Photoroom-20250518_132559.png?fit=1600%2C1138&ssl=1\",\"width\":1600,\"height\":1138,\"caption\":\"Dos Amigos Dk\"},\"image\":{\"@id\":\"https:\\\/\\\/dosamigosdk.com\\\/en\\\/#\\\/schema\\\/logo\\\/image\\\/\"}}]}<\/script>\n<!-- \/ Yoast SEO plugin. -->","yoast_head_json":{"title":"Meet Your Farmer - Dos Amigos Dk","robots":{"index":"index","follow":"follow","max-snippet":"max-snippet:-1","max-image-preview":"max-image-preview:large","max-video-preview":"max-video-preview:-1"},"canonical":"https:\/\/dosamigosdk.com\/da\/meet-your-farmer\/","og_locale":"da_DK","og_type":"article","og_title":"Meet Your Farmer - Dos Amigos Dk","og_description":"The people behind your cup have names, farms, and families.This is where your coffee begins. Sebastian Ramirez Valpara\u00edso, Antioquia. Sebastian has farmed coffee in the mountains of Antioquia for over two decades. His farm sits at 1,700 metres above sea level, where the altitude, the volcanic soil, and the cloud cover create conditions that few [&hellip;]","og_url":"https:\/\/dosamigosdk.com\/da\/meet-your-farmer\/","og_site_name":"Dos Amigos Dk","article_modified_time":"2026-03-05T17:29:36+00:00","og_image":[{"width":640,"height":480,"url":"https:\/\/i0.wp.com\/dosamigosdk.com\/wp-content\/uploads\/2026\/03\/1000023716.jpg?fit=640%2C480&ssl=1","type":"image\/jpeg"}],"twitter_card":"summary_large_image","twitter_misc":{"Estimeret l\u00e6setid":"2 minutter"},"schema":{"@context":"https:\/\/schema.org","@graph":[{"@type":"WebPage","@id":"https:\/\/dosamigosdk.com\/meet-your-farmer\/","url":"https:\/\/dosamigosdk.com\/meet-your-farmer\/","name":"Meet Your Farmer - Dos Amigos Dk","isPartOf":{"@id":"https:\/\/dosamigosdk.com\/en\/#website"},"primaryImageOfPage":{"@id":"https:\/\/dosamigosdk.com\/meet-your-farmer\/#primaryimage"},"image":{"@id":"https:\/\/dosamigosdk.com\/meet-your-farmer\/#primaryimage"},"thumbnailUrl":"https:\/\/i0.wp.com\/dosamigosdk.com\/wp-content\/uploads\/2026\/03\/1000023716.jpg?fit=640%2C480&amp;ssl=1","datePublished":"2026-03-05T17:18:56+00:00","dateModified":"2026-03-05T17:29:36+00:00","breadcrumb":{"@id":"https:\/\/dosamigosdk.com\/meet-your-farmer\/#breadcrumb"},"inLanguage":"da-DK","potentialAction":[{"@type":"ReadAction","target":["https:\/\/dosamigosdk.com\/meet-your-farmer\/"]}]},{"@type":"ImageObject","inLanguage":"da-DK","@id":"https:\/\/dosamigosdk.com\/meet-your-farmer\/#primaryimage","url":"https:\/\/i0.wp.com\/dosamigosdk.com\/wp-content\/uploads\/2026\/03\/1000023716.jpg?fit=640%2C480&amp;ssl=1","contentUrl":"https:\/\/i0.wp.com\/dosamigosdk.com\/wp-content\/uploads\/2026\/03\/1000023716.jpg?fit=640%2C480&amp;ssl=1"},{"@type":"BreadcrumbList","@id":"https:\/\/dosamigosdk.com\/meet-your-farmer\/#breadcrumb","itemListElement":[{"@type":"ListItem","position":1,"name":"Home","item":"https:\/\/dosamigosdk.com\/"},{"@type":"ListItem","position":2,"name":"Meet Your Farmer"}]},{"@type":"WebSite","@id":"https:\/\/dosamigosdk.com\/en\/#website","url":"https:\/\/dosamigosdk.com\/en\/","name":"Dos Amigos Dk","description":"Discover the essence of quality with our carefully curated selection of premium roasted coffee, designed for true coffee enthusiasts.","publisher":{"@id":"https:\/\/dosamigosdk.com\/en\/#organization"},"potentialAction":[{"@type":"SearchAction","target":{"@type":"EntryPoint","urlTemplate":"https:\/\/dosamigosdk.com\/en\/?s={search_term_string}"},"query-input":{"@type":"PropertyValueSpecification","valueRequired":true,"valueName":"search_term_string"}}],"inLanguage":"da-DK"},{"@type":"Organization","@id":"https:\/\/dosamigosdk.com\/en\/#organization","name":"Dos Amigos Dk","url":"https:\/\/dosamigosdk.com\/en\/","logo":{"@type":"ImageObject","inLanguage":"da-DK","@id":"https:\/\/dosamigosdk.com\/en\/#\/schema\/logo\/image\/","url":"https:\/\/i0.wp.com\/dosamigosdk.com\/wp-content\/uploads\/2025\/12\/Photoroom-20250518_132559.png?fit=1600%2C1138&ssl=1","contentUrl":"https:\/\/i0.wp.com\/dosamigosdk.com\/wp-content\/uploads\/2025\/12\/Photoroom-20250518_132559.png?fit=1600%2C1138&ssl=1","width":1600,"height":1138,"caption":"Dos Amigos Dk"},"image":{"@id":"https:\/\/dosamigosdk.com\/en\/#\/schema\/logo\/image\/"}}]}},"uagb_featured_image_src":{"full":false,"thumbnail":false,"medium":false,"medium_large":false,"large":false,"1536x1536":false,"2048x2048":false,"trp-custom-language-flag":false,"woocommerce_thumbnail":false,"woocommerce_single":false,"woocommerce_gallery_thumbnail":false},"uagb_author_info":{"display_name":"LUISGUILLERMOFOTOGRAFIA","author_link":"https:\/\/dosamigosdk.com\/da\/author\/luisguillermofotografia\/"},"uagb_comment_info":0,"uagb_excerpt":"The people behind your cup have names, farms, and families.This is where your coffee begins. Sebastian Ramirez Valpara\u00edso, Antioquia. Sebastian has farmed coffee in the mountains of Antioquia for over two decades. His farm sits at 1,700 metres above sea level, where the altitude, the volcanic soil, and the cloud cover create conditions that few&hellip;","jetpack_sharing_enabled":true,"_links":{"self":[{"href":"https:\/\/dosamigosdk.com\/da\/wp-json\/wp\/v2\/pages\/4742","targetHints":{"allow":["GET"]}}],"collection":[{"href":"https:\/\/dosamigosdk.com\/da\/wp-json\/wp\/v2\/pages"}],"about":[{"href":"https:\/\/dosamigosdk.com\/da\/wp-json\/wp\/v2\/types\/page"}],"author":[{"embeddable":true,"href":"https:\/\/dosamigosdk.com\/da\/wp-json\/wp\/v2\/users\/1"}],"replies":[{"embeddable":true,"href":"https:\/\/dosamigosdk.com\/da\/wp-json\/wp\/v2\/comments?post=4742"}],"version-history":[{"count":13,"href":"https:\/\/dosamigosdk.com\/da\/wp-json\/wp\/v2\/pages\/4742\/revisions"}],"predecessor-version":[{"id":4761,"href":"https:\/\/dosamigosdk.com\/da\/wp-json\/wp\/v2\/pages\/4742\/revisions\/4761"}],"wp:attachment":[{"href":"https:\/\/dosamigosdk.com\/da\/wp-json\/wp\/v2\/media?parent=4742"}],"curies":[{"name":"wp","href":"https:\/\/api.w.org\/{rel}","templated":true}]}}